{"id":4686,"date":"2021-12-29T14:28:46","date_gmt":"2021-12-29T13:28:46","guid":{"rendered":"https:\/\/dominiquedorla.re\/?page_id=4686"},"modified":"2022-02-14T05:45:31","modified_gmt":"2022-02-14T04:45:31","slug":"mentions-legales","status":"publish","type":"page","link":"https:\/\/dominiquedorla.re\/en\/mentions-legales\/","title":{"rendered":"Legal terms"},"content":{"rendered":"<p>Browsing and using DOMINIQUEDORLA.RE website implies acceptance of the general conditions written below.<\/p>\n\n\n\n<p>They can be modified or supplemented at any time without obligation to explicitly inform the user. We therefore invite you to consult them regularly.<\/p>\n\n\n\n<p><strong>Legal information<\/strong><\/p>\n\n\n\n<p>These terms and conditions apply between users and DOMINIQUE DORLA (hereinafter \u201cDOMINIQUE DORLA\u201d), SIRET 789 691 128 00019, a contractor located at 22 rue chemin bois de n\u00e8fles cadet, 97425 Les Avirons.<\/p>\n\n\n\n<p>contact@dominiquedorla.re<\/p>\n\n\n\n<p>+262 692 85 16 13<\/p>\n\n\n\n<p>Hosting:<\/p>\n\n\n\n<p>OVH, 2 Rue Kellermann, 59100 Roubaix<\/p>\n\n\n\n<p>www.ovh.com<\/p>\n\n\n\n<p>Website created by <a href=\"mailto:aurelie@capsicon.studio\">Capsicon<\/a><\/p>\n\n\n\n<p><\/p>\n\n\n\n<p><strong>Intellectual property<\/strong><\/p>\n\n\n\n<p>The site is governed in its entirety by French law.<\/p>\n\n\n\n<p>Toutes les images, photographies, illustrations et design ainsi que les textes et commentaires reproduits sur le site de l&rsquo;entreprise DOMINIQUE DORLA sont prot\u00e9g\u00e9s par le droit d\u2019auteur, le droit des marques et le droit \u00e0 l\u2019image et ce pour le monde entier.<\/p>\n\n\n\n<p>Le contenu diffus\u00e9 sur ce site est la propri\u00e9t\u00e9 pleine et enti\u00e8re de l&rsquo;entreprise DOMINIQUE DORLA. Le contenu ne peut donc pas \u00eatre utilis\u00e9, modifi\u00e9 ou adapt\u00e9 sans l\u2019accord \u00e9crit express de l&rsquo;entreprise DOMINIQUE DORLA. <\/p>\n\n\n\n<p>Reuse, reproduction (total or partial) or unauthorized extraction is strictly prohibited and engages the responsibility of the user.<\/p>\n\n\n\n<p><\/p>\n\n\n\n<p><strong>Responsibility<\/strong><\/p>\n\n\n\n<p>DOMINIQUE DORLA s\u2019engage \u00e0 tout mettre en \u0153uvre afin de faire en sorte que les informations pr\u00e9sentes sur ce site soient \u00e0 jour et exactes. Toutefois en cas de force majeure, d\u2019intrusion ext\u00e9rieure ou pr\u00e9sence de virus informatique, DOMINIQUE DORLA pourra interrompre le site. Dans cette \u00e9ventualit\u00e9 la responsabilit\u00e9 de l&rsquo;entreprise DOMINIQUE DORLA ne pourrait \u00eatre engag\u00e9e.<\/p>\n\n\n\n<p>DOMINIQUE DORLA reserves the right to modify any element of the site. The company may also decide to modify these conditions at any time.<\/p>\n\n\n\n<p>Hypertext links to external sites do not engage the responsibility of DOMINIQUE DORLA.<\/p>\n\n\n\n<p><meta charset=\"utf-8\">The site uses JavaScript technology. The website cannot be held responsible for material damage related to the use of the site. In addition, the user of the site agrees to access the site using recent equipment, not containing viruses and with an updated latest generation browser.<\/p>\n\n\n\n<p><strong>Applicable Law<\/strong><\/p>\n\n\n\n<p>The site is governed by French law. The conditions mentioned above are interpreted in accordance with French law.<\/p>","protected":false},"excerpt":{"rendered":"<p>La navigation et l\u2019utilisation du site DOMINIQUEDORLA.RE implique l\u2019acceptation des conditions g\u00e9n\u00e9rales \u00e9crites ci-dessous. Elles peuvent \u00eatre modifi\u00e9es ou compl\u00e9t\u00e9es \u00e0 tout moment sans obligation d\u2019en informer explicitement l\u2019utilisateur. Nous vous invitons donc \u00e0 les consulter r\u00e9guli\u00e8rement. Informations l\u00e9gales Les pr\u00e9sentes conditions g\u00e9n\u00e9rales s\u2019appliquent entre les utilisateurs et l&rsquo;entreprise individuelle Dominique Dorla Artiste (ci-apr\u00e8s \u00ab\u00a0DOMINIQUE DORLA\u00a0\u00bb), SIRET 789 691 128 00019, situ\u00e9 au 22 chemin bois de n\u00e8fles cadet, 97425 Les Avirons \u00cele de la [&hellip;]<\/p>","protected":false},"author":1,"featured_media":0,"parent":0,"menu_order":0,"comment_status":"closed","ping_status":"closed","template":"","meta":{"footnotes":""},"class_list":["post-4686","page","type-page","status-publish","hentry"],"yoast_head":"<!-- This site is optimized with the Yoast SEO plugin v27.5 - https:\/\/yoast.com\/product\/yoast-seo-wordpress\/ -->\n<title>Mentions l\u00e9gales - Dominique DORLA<\/title>\n<meta name=\"robots\" content=\"index, follow, max-snippet:-1, max-image-preview:large, max-video-preview:-1\" \/>\n<link rel=\"canonical\" href=\"https:\/\/dominiquedorla.re\/en\/mentions-legales\/\" \/>\n<meta property=\"og:locale\" content=\"en_US\" \/>\n<meta property=\"og:type\" content=\"article\" \/>\n<meta property=\"og:title\" content=\"Mentions l\u00e9gales - Dominique DORLA\" \/>\n<meta property=\"og:description\" content=\"La navigation et l\u2019utilisation du site DOMINIQUEDORLA.RE implique l\u2019acceptation des conditions g\u00e9n\u00e9rales \u00e9crites ci-dessous. Elles peuvent \u00eatre modifi\u00e9es ou compl\u00e9t\u00e9es \u00e0 tout moment sans obligation d\u2019en informer explicitement l\u2019utilisateur. Nous vous invitons donc \u00e0 les consulter r\u00e9guli\u00e8rement. Informations l\u00e9gales Les pr\u00e9sentes conditions g\u00e9n\u00e9rales s\u2019appliquent entre les utilisateurs et l&rsquo;entreprise individuelle Dominique Dorla Artiste (ci-apr\u00e8s \u00ab\u00a0DOMINIQUE DORLA\u00a0\u00bb), SIRET 789 691 128 00019, situ\u00e9 au 22 chemin bois de n\u00e8fles cadet, 97425 Les Avirons \u00cele de la [&hellip;]\" \/>\n<meta property=\"og:url\" content=\"https:\/\/dominiquedorla.re\/en\/mentions-legales\/\" \/>\n<meta property=\"og:site_name\" content=\"Dominique DORLA\" \/>\n<meta property=\"article:modified_time\" content=\"2022-02-14T04:45:31+00:00\" \/>\n<meta name=\"twitter:card\" content=\"summary_large_image\" \/>\n<meta name=\"twitter:label1\" content=\"Est. reading time\" \/>\n\t<meta name=\"twitter:data1\" content=\"2 minutes\" \/>\n<script type=\"application\/ld+json\" class=\"yoast-schema-graph\">{\"@context\":\"https:\\\/\\\/schema.org\",\"@graph\":[{\"@type\":\"WebPage\",\"@id\":\"https:\\\/\\\/dominiquedorla.re\\\/mentions-legales\\\/\",\"url\":\"https:\\\/\\\/dominiquedorla.re\\\/mentions-legales\\\/\",\"name\":\"Mentions l\u00e9gales - Dominique DORLA\",\"isPartOf\":{\"@id\":\"https:\\\/\\\/dominiquedorla.re\\\/#website\"},\"datePublished\":\"2021-12-29T13:28:46+00:00\",\"dateModified\":\"2022-02-14T04:45:31+00:00\",\"breadcrumb\":{\"@id\":\"https:\\\/\\\/dominiquedorla.re\\\/mentions-legales\\\/#breadcrumb\"},\"inLanguage\":\"en-US\",\"potentialAction\":[{\"@type\":\"ReadAction\",\"target\":[\"https:\\\/\\\/dominiquedorla.re\\\/mentions-legales\\\/\"]}]},{\"@type\":\"BreadcrumbList\",\"@id\":\"https:\\\/\\\/dominiquedorla.re\\\/mentions-legales\\\/#breadcrumb\",\"itemListElement\":[{\"@type\":\"ListItem\",\"position\":1,\"name\":\"Accueil\",\"item\":\"https:\\\/\\\/dominiquedorla.re\\\/\"},{\"@type\":\"ListItem\",\"position\":2,\"name\":\"Mentions l\u00e9gales\"}]},{\"@type\":\"WebSite\",\"@id\":\"https:\\\/\\\/dominiquedorla.re\\\/#website\",\"url\":\"https:\\\/\\\/dominiquedorla.re\\\/\",\"name\":\"Dominique DORLA\",\"description\":\"Peintre, sculptrice bas\u00e9e \u00e0 la R\u00e9union\",\"publisher\":{\"@id\":\"https:\\\/\\\/dominiquedorla.re\\\/#organization\"},\"potentialAction\":[{\"@type\":\"SearchAction\",\"target\":{\"@type\":\"EntryPoint\",\"urlTemplate\":\"https:\\\/\\\/dominiquedorla.re\\\/?s={search_term_string}\"},\"query-input\":{\"@type\":\"PropertyValueSpecification\",\"valueRequired\":true,\"valueName\":\"search_term_string\"}}],\"inLanguage\":\"en-US\"},{\"@type\":\"Organization\",\"@id\":\"https:\\\/\\\/dominiquedorla.re\\\/#organization\",\"name\":\"Dominique DORLA - Artiste\",\"url\":\"https:\\\/\\\/dominiquedorla.re\\\/\",\"logo\":{\"@type\":\"ImageObject\",\"inLanguage\":\"en-US\",\"@id\":\"https:\\\/\\\/dominiquedorla.re\\\/#\\\/schema\\\/logo\\\/image\\\/\",\"url\":\"https:\\\/\\\/dominiquedorla.re\\\/wp-content\\\/uploads\\\/2021\\\/12\\\/logo.jpg\",\"contentUrl\":\"https:\\\/\\\/dominiquedorla.re\\\/wp-content\\\/uploads\\\/2021\\\/12\\\/logo.jpg\",\"width\":317,\"height\":148,\"caption\":\"Dominique DORLA - Artiste\"},\"image\":{\"@id\":\"https:\\\/\\\/dominiquedorla.re\\\/#\\\/schema\\\/logo\\\/image\\\/\"}}]}<\/script>\n<!-- \/ Yoast SEO plugin. -->","yoast_head_json":{"title":"Mentions l\u00e9gales - Dominique DORLA","robots":{"index":"index","follow":"follow","max-snippet":"max-snippet:-1","max-image-preview":"max-image-preview:large","max-video-preview":"max-video-preview:-1"},"canonical":"https:\/\/dominiquedorla.re\/en\/mentions-legales\/","og_locale":"en_US","og_type":"article","og_title":"Mentions l\u00e9gales - Dominique DORLA","og_description":"La navigation et l\u2019utilisation du site DOMINIQUEDORLA.RE implique l\u2019acceptation des conditions g\u00e9n\u00e9rales \u00e9crites ci-dessous. Elles peuvent \u00eatre modifi\u00e9es ou compl\u00e9t\u00e9es \u00e0 tout moment sans obligation d\u2019en informer explicitement l\u2019utilisateur. Nous vous invitons donc \u00e0 les consulter r\u00e9guli\u00e8rement. Informations l\u00e9gales Les pr\u00e9sentes conditions g\u00e9n\u00e9rales s\u2019appliquent entre les utilisateurs et l&rsquo;entreprise individuelle Dominique Dorla Artiste (ci-apr\u00e8s \u00ab\u00a0DOMINIQUE DORLA\u00a0\u00bb), SIRET 789 691 128 00019, situ\u00e9 au 22 chemin bois de n\u00e8fles cadet, 97425 Les Avirons \u00cele de la [&hellip;]","og_url":"https:\/\/dominiquedorla.re\/en\/mentions-legales\/","og_site_name":"Dominique DORLA","article_modified_time":"2022-02-14T04:45:31+00:00","twitter_card":"summary_large_image","twitter_misc":{"Est. reading time":"2 minutes"},"schema":{"@context":"https:\/\/schema.org","@graph":[{"@type":"WebPage","@id":"https:\/\/dominiquedorla.re\/mentions-legales\/","url":"https:\/\/dominiquedorla.re\/mentions-legales\/","name":"Mentions l\u00e9gales - Dominique DORLA","isPartOf":{"@id":"https:\/\/dominiquedorla.re\/#website"},"datePublished":"2021-12-29T13:28:46+00:00","dateModified":"2022-02-14T04:45:31+00:00","breadcrumb":{"@id":"https:\/\/dominiquedorla.re\/mentions-legales\/#breadcrumb"},"inLanguage":"en-US","potentialAction":[{"@type":"ReadAction","target":["https:\/\/dominiquedorla.re\/mentions-legales\/"]}]},{"@type":"BreadcrumbList","@id":"https:\/\/dominiquedorla.re\/mentions-legales\/#breadcrumb","itemListElement":[{"@type":"ListItem","position":1,"name":"Accueil","item":"https:\/\/dominiquedorla.re\/"},{"@type":"ListItem","position":2,"name":"Mentions l\u00e9gales"}]},{"@type":"WebSite","@id":"https:\/\/dominiquedorla.re\/#website","url":"https:\/\/dominiquedorla.re\/","name":"Dominique DORLA","description":"Peintre, sculptrice bas\u00e9e \u00e0 la R\u00e9union","publisher":{"@id":"https:\/\/dominiquedorla.re\/#organization"},"potentialAction":[{"@type":"SearchAction","target":{"@type":"EntryPoint","urlTemplate":"https:\/\/dominiquedorla.re\/?s={search_term_string}"},"query-input":{"@type":"PropertyValueSpecification","valueRequired":true,"valueName":"search_term_string"}}],"inLanguage":"en-US"},{"@type":"Organization","@id":"https:\/\/dominiquedorla.re\/#organization","name":"Dominique DORLA - Artiste","url":"https:\/\/dominiquedorla.re\/","logo":{"@type":"ImageObject","inLanguage":"en-US","@id":"https:\/\/dominiquedorla.re\/#\/schema\/logo\/image\/","url":"https:\/\/dominiquedorla.re\/wp-content\/uploads\/2021\/12\/logo.jpg","contentUrl":"https:\/\/dominiquedorla.re\/wp-content\/uploads\/2021\/12\/logo.jpg","width":317,"height":148,"caption":"Dominique DORLA - Artiste"},"image":{"@id":"https:\/\/dominiquedorla.re\/#\/schema\/logo\/image\/"}}]}},"_links":{"self":[{"href":"https:\/\/dominiquedorla.re\/en\/wp-json\/wp\/v2\/pages\/4686","targetHints":{"allow":["GET"]}}],"collection":[{"href":"https:\/\/dominiquedorla.re\/en\/wp-json\/wp\/v2\/pages"}],"about":[{"href":"https:\/\/dominiquedorla.re\/en\/wp-json\/wp\/v2\/types\/page"}],"author":[{"embeddable":true,"href":"https:\/\/dominiquedorla.re\/en\/wp-json\/wp\/v2\/users\/1"}],"replies":[{"embeddable":true,"href":"https:\/\/dominiquedorla.re\/en\/wp-json\/wp\/v2\/comments?post=4686"}],"version-history":[{"count":12,"href":"https:\/\/dominiquedorla.re\/en\/wp-json\/wp\/v2\/pages\/4686\/revisions"}],"predecessor-version":[{"id":5758,"href":"https:\/\/dominiquedorla.re\/en\/wp-json\/wp\/v2\/pages\/4686\/revisions\/5758"}],"wp:attachment":[{"href":"https:\/\/dominiquedorla.re\/en\/wp-json\/wp\/v2\/media?parent=4686"}],"curies":[{"name":"wp","href":"https:\/\/api.w.org\/{rel}","templated":true}]}}