{"id":3,"date":"2021-12-16T21:34:37","date_gmt":"2021-12-16T20:34:37","guid":{"rendered":"https:\/\/dominiquedorla.re\/?page_id=3"},"modified":"2023-03-26T21:50:48","modified_gmt":"2023-03-26T19:50:48","slug":"politique-de-confidentialite","status":"publish","type":"page","link":"https:\/\/dominiquedorla.re\/en\/politique-de-confidentialite\/","title":{"rendered":"Privacy Policy"},"content":{"rendered":"<h2 class=\"wp-block-heading\">Qui sommes-nous\u00a0?<\/h2>\r\n\r\n\r\n\r\n<p>L\u2019adresse de notre site est\u00a0: https:\/\/dominiquedorla.re.<\/p>\r\n\r\n\r\n\r\n<h2 class=\"wp-block-heading\">Cookies<\/h2>\r\n\r\n\r\n\r\n<p>A cookie is a small file placed on your terminal (computer, tablet or mobile device) by a website or mobile application. A cookie does not contain any intelligible information but makes it possible to link a terminal and other information relating to your experience on our website. A cookie may also collect information about your habits in using the Services.<\/p>\r\n\r\n\r\n\r\n<p>No one other than us can access the information contained in the cookies that we serve by our servers. This information and data is collected directly and automatically by our Services.<\/p>\r\n\r\n\r\n\r\n<p>We use cookies in connection with functions such as country selection, language, location and navigation.<\/p>\r\n\r\n\r\n\r\n<p>Si vous voulez r\u00e9voquer votre consentement \u00e0 l&rsquo;utilisation de cookies, veuillez cliquer ici:\u00a0 [cookies_revoke].<\/p>\r\n\r\n\r\n\r\n<p>The shelf life of the cookie when the user accepts or does not accept the notification is 6 months.<\/p>\r\n\r\n\r\n\r\n<h2 class=\"wp-block-heading\">Content embedded from other sites<\/h2>\r\n\r\n\r\n\r\n<p>Articles on this site may include embedded content (eg videos, images, articles, etc.). Content embedded from other sites behaves in the same way as if the visitor went to that other site.<\/p>\r\n\r\n\r\n\r\n<p>Articles on this site may include embedded content (eg videos, images, articles, etc.). Content embedded from other sites behaves in the same way as if the visitor went to that other site.<\/p>\r\n\r\n\r\n\r\n<h2 class=\"wp-block-heading\">Articles on this site may include embedded content (eg videos, images, articles, etc.). Content embedded from other sites behaves in the same way as if the visitor went to that other site.<\/h2>\r\n\r\n\r\n\r\n<p>We collect all the information that you communicate on the site (eg on the \"contacts\" forms, during your navigation), or by any other means sending emails including your name, first name, address, telephone number, e-mail address.<\/p>\r\n\r\n\r\n\r\n<p>We can also collect statistical information in order to know the use that visitors make of the site (frequency of consultation of the various pages of the Site, sales statistics and origin of visitors to the site, etc.).<\/p>\r\n\r\n\r\n\r\n<p>Information relating to the profile of visitors is kept and will only be used internally to conduct market research in particular.<\/p>\r\n\r\n\r\n\r\n<p>&nbsp;<\/p>\r\n\r\n\r\n\r\n<h2 class=\"wp-block-heading\">Consent<\/h2>\r\n\r\n\r\n\r\n<p>By using our site, you agree to our privacy policy.<\/p>","protected":false},"excerpt":{"rendered":"<p>Qui sommes-nous\u00a0? L\u2019adresse de notre site est\u00a0: https:\/\/dominiquedorla.re. Cookies Un cookie est un petit fichier plac\u00e9 sur votre terminal (ordinateur, votre tablette ou votre appareil mobile) par un site Internet ou une application mobile. Un cookie ne contient aucune information intelligible mais permet de faire le lien entre un terminal et d&rsquo;autres informations relatives \u00e0 votre exp\u00e9rience sur notre site web. Un cookie peut \u00e9galement collecter des informations sur vos habitudes d&rsquo;utilisation des Services. Personne [&hellip;]<\/p>","protected":false},"author":1,"featured_media":0,"parent":0,"menu_order":0,"comment_status":"closed","ping_status":"open","template":"","meta":{"footnotes":""},"class_list":["post-3","page","type-page","status-publish","hentry"],"yoast_head":"<!-- This site is optimized with the Yoast SEO plugin v27.4 - https:\/\/yoast.com\/product\/yoast-seo-wordpress\/ -->\n<title>Politique de confidentialit\u00e9 - Dominique DORLA<\/title>\n<meta name=\"robots\" content=\"noindex, nofollow\" \/>\n<meta property=\"og:locale\" content=\"en_US\" \/>\n<meta property=\"og:type\" content=\"article\" \/>\n<meta property=\"og:title\" content=\"Politique de confidentialit\u00e9 - Dominique DORLA\" \/>\n<meta property=\"og:description\" content=\"Qui sommes-nous\u00a0? L\u2019adresse de notre site est\u00a0: https:\/\/dominiquedorla.re. Cookies Un cookie est un petit fichier plac\u00e9 sur votre terminal (ordinateur, votre tablette ou votre appareil mobile) par un site Internet ou une application mobile. Un cookie ne contient aucune information intelligible mais permet de faire le lien entre un terminal et d&rsquo;autres informations relatives \u00e0 votre exp\u00e9rience sur notre site web. Un cookie peut \u00e9galement collecter des informations sur vos habitudes d&rsquo;utilisation des Services. Personne [&hellip;]\" \/>\n<meta property=\"og:url\" content=\"https:\/\/dominiquedorla.re\/en\/politique-de-confidentialite\/\" \/>\n<meta property=\"og:site_name\" content=\"Dominique DORLA\" \/>\n<meta property=\"article:modified_time\" content=\"2023-03-26T19:50:48+00:00\" \/>\n<meta name=\"twitter:card\" content=\"summary_large_image\" \/>\n<meta name=\"twitter:label1\" content=\"Est. reading time\" \/>\n\t<meta name=\"twitter:data1\" content=\"2 minutes\" \/>\n<script type=\"application\/ld+json\" class=\"yoast-schema-graph\">{\"@context\":\"https:\\\/\\\/schema.org\",\"@graph\":[{\"@type\":\"WebPage\",\"@id\":\"https:\\\/\\\/dominiquedorla.re\\\/politique-de-confidentialite\\\/\",\"url\":\"https:\\\/\\\/dominiquedorla.re\\\/politique-de-confidentialite\\\/\",\"name\":\"Politique de confidentialit\u00e9 - Dominique DORLA\",\"isPartOf\":{\"@id\":\"https:\\\/\\\/dominiquedorla.re\\\/#website\"},\"datePublished\":\"2021-12-16T20:34:37+00:00\",\"dateModified\":\"2023-03-26T19:50:48+00:00\",\"breadcrumb\":{\"@id\":\"https:\\\/\\\/dominiquedorla.re\\\/politique-de-confidentialite\\\/#breadcrumb\"},\"inLanguage\":\"en-US\",\"potentialAction\":[{\"@type\":\"ReadAction\",\"target\":[\"https:\\\/\\\/dominiquedorla.re\\\/politique-de-confidentialite\\\/\"]}]},{\"@type\":\"BreadcrumbList\",\"@id\":\"https:\\\/\\\/dominiquedorla.re\\\/politique-de-confidentialite\\\/#breadcrumb\",\"itemListElement\":[{\"@type\":\"ListItem\",\"position\":1,\"name\":\"Accueil\",\"item\":\"https:\\\/\\\/dominiquedorla.re\\\/\"},{\"@type\":\"ListItem\",\"position\":2,\"name\":\"Politique de confidentialit\u00e9\"}]},{\"@type\":\"WebSite\",\"@id\":\"https:\\\/\\\/dominiquedorla.re\\\/#website\",\"url\":\"https:\\\/\\\/dominiquedorla.re\\\/\",\"name\":\"Dominique DORLA\",\"description\":\"Peintre, sculptrice bas\u00e9e \u00e0 la R\u00e9union\",\"publisher\":{\"@id\":\"https:\\\/\\\/dominiquedorla.re\\\/#organization\"},\"potentialAction\":[{\"@type\":\"SearchAction\",\"target\":{\"@type\":\"EntryPoint\",\"urlTemplate\":\"https:\\\/\\\/dominiquedorla.re\\\/?s={search_term_string}\"},\"query-input\":{\"@type\":\"PropertyValueSpecification\",\"valueRequired\":true,\"valueName\":\"search_term_string\"}}],\"inLanguage\":\"en-US\"},{\"@type\":\"Organization\",\"@id\":\"https:\\\/\\\/dominiquedorla.re\\\/#organization\",\"name\":\"Dominique DORLA - Artiste\",\"url\":\"https:\\\/\\\/dominiquedorla.re\\\/\",\"logo\":{\"@type\":\"ImageObject\",\"inLanguage\":\"en-US\",\"@id\":\"https:\\\/\\\/dominiquedorla.re\\\/#\\\/schema\\\/logo\\\/image\\\/\",\"url\":\"https:\\\/\\\/dominiquedorla.re\\\/wp-content\\\/uploads\\\/2021\\\/12\\\/logo.jpg\",\"contentUrl\":\"https:\\\/\\\/dominiquedorla.re\\\/wp-content\\\/uploads\\\/2021\\\/12\\\/logo.jpg\",\"width\":317,\"height\":148,\"caption\":\"Dominique DORLA - Artiste\"},\"image\":{\"@id\":\"https:\\\/\\\/dominiquedorla.re\\\/#\\\/schema\\\/logo\\\/image\\\/\"}}]}<\/script>\n<!-- \/ Yoast SEO plugin. -->","yoast_head_json":{"title":"Politique de confidentialit\u00e9 - Dominique DORLA","robots":{"index":"noindex","follow":"nofollow"},"og_locale":"en_US","og_type":"article","og_title":"Politique de confidentialit\u00e9 - Dominique DORLA","og_description":"Qui sommes-nous\u00a0? L\u2019adresse de notre site est\u00a0: https:\/\/dominiquedorla.re. Cookies Un cookie est un petit fichier plac\u00e9 sur votre terminal (ordinateur, votre tablette ou votre appareil mobile) par un site Internet ou une application mobile. Un cookie ne contient aucune information intelligible mais permet de faire le lien entre un terminal et d&rsquo;autres informations relatives \u00e0 votre exp\u00e9rience sur notre site web. Un cookie peut \u00e9galement collecter des informations sur vos habitudes d&rsquo;utilisation des Services. Personne [&hellip;]","og_url":"https:\/\/dominiquedorla.re\/en\/politique-de-confidentialite\/","og_site_name":"Dominique DORLA","article_modified_time":"2023-03-26T19:50:48+00:00","twitter_card":"summary_large_image","twitter_misc":{"Est. reading time":"2 minutes"},"schema":{"@context":"https:\/\/schema.org","@graph":[{"@type":"WebPage","@id":"https:\/\/dominiquedorla.re\/politique-de-confidentialite\/","url":"https:\/\/dominiquedorla.re\/politique-de-confidentialite\/","name":"Politique de confidentialit\u00e9 - Dominique DORLA","isPartOf":{"@id":"https:\/\/dominiquedorla.re\/#website"},"datePublished":"2021-12-16T20:34:37+00:00","dateModified":"2023-03-26T19:50:48+00:00","breadcrumb":{"@id":"https:\/\/dominiquedorla.re\/politique-de-confidentialite\/#breadcrumb"},"inLanguage":"en-US","potentialAction":[{"@type":"ReadAction","target":["https:\/\/dominiquedorla.re\/politique-de-confidentialite\/"]}]},{"@type":"BreadcrumbList","@id":"https:\/\/dominiquedorla.re\/politique-de-confidentialite\/#breadcrumb","itemListElement":[{"@type":"ListItem","position":1,"name":"Accueil","item":"https:\/\/dominiquedorla.re\/"},{"@type":"ListItem","position":2,"name":"Politique de confidentialit\u00e9"}]},{"@type":"WebSite","@id":"https:\/\/dominiquedorla.re\/#website","url":"https:\/\/dominiquedorla.re\/","name":"Dominique DORLA","description":"Peintre, sculptrice bas\u00e9e \u00e0 la R\u00e9union","publisher":{"@id":"https:\/\/dominiquedorla.re\/#organization"},"potentialAction":[{"@type":"SearchAction","target":{"@type":"EntryPoint","urlTemplate":"https:\/\/dominiquedorla.re\/?s={search_term_string}"},"query-input":{"@type":"PropertyValueSpecification","valueRequired":true,"valueName":"search_term_string"}}],"inLanguage":"en-US"},{"@type":"Organization","@id":"https:\/\/dominiquedorla.re\/#organization","name":"Dominique DORLA - Artiste","url":"https:\/\/dominiquedorla.re\/","logo":{"@type":"ImageObject","inLanguage":"en-US","@id":"https:\/\/dominiquedorla.re\/#\/schema\/logo\/image\/","url":"https:\/\/dominiquedorla.re\/wp-content\/uploads\/2021\/12\/logo.jpg","contentUrl":"https:\/\/dominiquedorla.re\/wp-content\/uploads\/2021\/12\/logo.jpg","width":317,"height":148,"caption":"Dominique DORLA - Artiste"},"image":{"@id":"https:\/\/dominiquedorla.re\/#\/schema\/logo\/image\/"}}]}},"_links":{"self":[{"href":"https:\/\/dominiquedorla.re\/en\/wp-json\/wp\/v2\/pages\/3","targetHints":{"allow":["GET"]}}],"collection":[{"href":"https:\/\/dominiquedorla.re\/en\/wp-json\/wp\/v2\/pages"}],"about":[{"href":"https:\/\/dominiquedorla.re\/en\/wp-json\/wp\/v2\/types\/page"}],"author":[{"embeddable":true,"href":"https:\/\/dominiquedorla.re\/en\/wp-json\/wp\/v2\/users\/1"}],"replies":[{"embeddable":true,"href":"https:\/\/dominiquedorla.re\/en\/wp-json\/wp\/v2\/comments?post=3"}],"version-history":[{"count":6,"href":"https:\/\/dominiquedorla.re\/en\/wp-json\/wp\/v2\/pages\/3\/revisions"}],"predecessor-version":[{"id":6046,"href":"https:\/\/dominiquedorla.re\/en\/wp-json\/wp\/v2\/pages\/3\/revisions\/6046"}],"wp:attachment":[{"href":"https:\/\/dominiquedorla.re\/en\/wp-json\/wp\/v2\/media?parent=3"}],"curies":[{"name":"wp","href":"https:\/\/api.w.org\/{rel}","templated":true}]}}