{"id":1305,"date":"2018-10-15T08:09:42","date_gmt":"2018-10-15T08:09:42","guid":{"rendered":"http:\/\/smilte.edge-themes.com\/?page_id=1305"},"modified":"2022-02-06T17:11:00","modified_gmt":"2022-02-06T16:11:00","slug":"contact","status":"publish","type":"page","link":"https:\/\/dominiquedorla.re\/en\/contact\/","title":{"rendered":"Contact"},"content":{"rendered":"<div class=\"vc_row wpb_row vc_row-fluid\" ><div class=\"wpb_column vc_column_container vc_col-sm-12\"><div class=\"vc_column-inner\"><div class=\"wpb_wrapper\"><div class=\"edgtf-row-grid-section-wrapper\" ><div class=\"edgtf-row-grid-section\"><div class=\"vc_row wpb_row vc_inner vc_row-fluid vc_custom_1539592339238\" ><div class=\"wpb_column vc_column_container vc_col-sm-12 vc_col-lg-6 vc_col-md-12\"><div class=\"vc_column-inner\"><div class=\"wpb_wrapper\"><div class=\"edgtf-section-title-holder  edgtf-st-enable-indentation edgtf-st-enable-title-mark\" >\n\t<div class=\"edgtf-st-inner\">\n\t\t\t\t\t<h6 class=\"edgtf-st-title\" style=\"color: #333333\">\n\t\t\t\tContact\t\t\t<\/h6>\n\t\t\t\t\t\t\t<h3 class=\"edgtf-st-text\" style=\"color: #333333\">\n\t\t\t\tFeel free to contact us using this form or at this address: contact@dominiquedorla.re<br \/>\nYou will get an answer as soon as possible\t\t\t<\/h3>\n\t\t\t<\/div>\n<\/div><div class=\"vc_empty_space\"   style=\"height: 20px\"><span class=\"vc_empty_space_inner\"><\/span><\/div>\n\t<div class=\"wpb_text_column wpb_content_element\" >\n\t\t<div class=\"wpb_wrapper\">\n\t\t\t\n\t\t<\/div>\n\t<\/div>\n<div class=\"vc_empty_space\"   style=\"height: 30px\"><span class=\"vc_empty_space_inner\"><\/span><\/div><div  class=\"wpb_widgetised_column wpb_content_element\">\n\t\t<div class=\"wpb_wrapper\">\n\t\t\t\n\t\t\t<a class=\"edgtf-social-icon-widget-holder edgtf-icon-has-hover\"  style=\"color: #0a0a0a;;margin: 0 10px 0 0;\"\t\t\t   href=\"https:\/\/www.facebook.com\/dorladominique\/\" target=\"_blank\">\n\t\t\t\t\t\t\t\t\t<span class=\"edgtf-social-icon-text\">facebook<\/span>\n\t\t\t\t\t\t\t<\/a>\n\t\t\t\t\t\t<a class=\"edgtf-social-icon-widget-holder edgtf-icon-has-hover\"  style=\"color: #0a0a0a;;margin: 0 10px 0 0;\"\t\t\t   href=\"https:\/\/www.instagram.com\/domi.dorla_artiste\/\" target=\"_blank\">\n\t\t\t\t\t\t\t\t\t<span class=\"edgtf-social-icon-text\">instagram<\/span>\n\t\t\t\t\t\t\t<\/a>\n\t\t\t\t\t\t<a class=\"edgtf-social-icon-widget-holder edgtf-icon-has-hover\"  style=\"color: #0a0a0a;;margin: 0 10px 0 0;\"\t\t\t   href=\"https:\/\/www.tiktok.com\/@dorladominique\" target=\"_blank\">\n\t\t\t\t\t\t\t\t\t<span class=\"edgtf-social-icon-text\">tiktok<\/span>\n\t\t\t\t\t\t\t<\/a>\n\t\t\t\t\t\t<a class=\"edgtf-social-icon-widget-holder edgtf-icon-has-hover\"  style=\"color: #0a0a0a;;margin: 0 10px 0 0;\"\t\t\t   href=\"https:\/\/www.linkedin.com\/in\/dominique-dorla-3b5529167\/\" target=\"_blank\">\n\t\t\t\t\t\t\t\t\t<span class=\"edgtf-social-icon-text\">linkedin<\/span>\n\t\t\t\t\t\t\t<\/a>\n\t\t<\/div>\n\t<\/div>\n<\/div><\/div><\/div><div class=\"wpb_column vc_column_container vc_col-sm-12 vc_col-lg-6 vc_col-md-12\"><div class=\"vc_column-inner\"><div class=\"wpb_wrapper\"><div class=\"edgtf-elements-holder   edgtf-one-column  edgtf-responsive-mode-768\" ><div class=\"edgtf-eh-item\"  data-item-class=\"edgtf-eh-custom-2237\" data-769-1024=\"80px 15.9% 0 0\" data-681-768=\"65px 0 0 0\" data-680=\"60px 0px 0 0\">\n\t<div class=\"edgtf-eh-item-inner\">\n\t\t<div class=\"edgtf-eh-item-content edgtf-eh-custom-2237\" style=\"padding: 11px 0 0 0\">\n\t\t\t\n<div class=\"wpcf7 no-js\" id=\"wpcf7-f4346-o1\" lang=\"fr-FR\" dir=\"ltr\" data-wpcf7-id=\"4346\">\n<div class=\"screen-reader-response\"><p role=\"status\" aria-live=\"polite\" aria-atomic=\"true\"><\/p> <ul><\/ul><\/div>\n<form action=\"\/en\/wp-json\/wp\/v2\/pages\/1305#wpcf7-f4346-o1\" method=\"post\" class=\"wpcf7-form init cf7_custom_style_3\" aria-label=\"Formulaire de contact\" novalidate=\"novalidate\" data-status=\"init\" data-trp-original-action=\"\/en\/wp-json\/wp\/v2\/pages\/1305#wpcf7-f4346-o1\">\n<fieldset class=\"hidden-fields-container\"><input type=\"hidden\" name=\"_wpcf7\" value=\"4346\" \/><input type=\"hidden\" name=\"_wpcf7_version\" value=\"6.1\" \/><input type=\"hidden\" name=\"_wpcf7_locale\" value=\"fr_FR\" \/><input type=\"hidden\" name=\"_wpcf7_unit_tag\" value=\"wpcf7-f4346-o1\" \/><input type=\"hidden\" name=\"_wpcf7_container_post\" value=\"0\" \/><input type=\"hidden\" name=\"_wpcf7_posted_data_hash\" value=\"\" \/><input type=\"hidden\" name=\"_wpcf7_recaptcha_response\" value=\"\" \/>\n<\/fieldset>\n<p><label> Name <span class=\"wpcf7-form-control-wrap\" data-name=\"nom\"><input size=\"40\" maxlength=\"400\" class=\"wpcf7-form-control wpcf7-text wpcf7-validates-as-required\" aria-required=\"true\" aria-invalid=\"false\" value=\"\" type=\"text\" name=\"nom\" \/><\/span> <\/label><br \/>\n<label> Email <span class=\"wpcf7-form-control-wrap\" data-name=\"email\"><input size=\"40\" maxlength=\"400\" class=\"wpcf7-form-control wpcf7-email wpcf7-validates-as-required wpcf7-text wpcf7-validates-as-email\" aria-required=\"true\" aria-invalid=\"false\" value=\"\" type=\"email\" name=\"email\" \/><\/span> <\/label><br \/>\n<label> Subject <span class=\"wpcf7-form-control-wrap\" data-name=\"objet\"><input size=\"40\" maxlength=\"400\" class=\"wpcf7-form-control wpcf7-text wpcf7-validates-as-required\" aria-required=\"true\" aria-invalid=\"false\" value=\"\" type=\"text\" name=\"objet\" \/><\/span> <\/label><br \/>\n<label> Message <span class=\"wpcf7-form-control-wrap\" data-name=\"message\"><textarea cols=\"40\" rows=\"10\" maxlength=\"2000\" class=\"wpcf7-form-control wpcf7-textarea wpcf7-validates-as-required\" aria-required=\"true\" aria-invalid=\"false\" name=\"message\"><\/textarea><\/span> <\/label>\n<\/p>\n<p><button class=\"wpcf7-form-control wpcf7-submit edgtf-btn edgtf-btn-large edgtf-btn-outline\" type=\"submit\"><span class=\"edgtf-btn-text\">send<\/span><\/button>\n<\/p><p style=\"display: none !important;\" class=\"akismet-fields-container\" data-prefix=\"_wpcf7_ak_\"><label>&#916;<textarea name=\"_wpcf7_ak_hp_textarea\" cols=\"45\" rows=\"8\" maxlength=\"100\"><\/textarea><\/label><input type=\"hidden\" id=\"ak_js_1\" name=\"_wpcf7_ak_js\" value=\"211\"\/><script>document.getElementById( \"ak_js_1\" ).setAttribute( \"value\", ( new Date() ).getTime() );<\/script><\/p><div class=\"wpcf7-response-output\" aria-hidden=\"true\"><\/div>\n<input type=\"hidden\" name=\"trp-form-language\" value=\"en\"\/><\/form>\n<\/div>\n\t\t<\/div>\n\t<\/div>\n<\/div><\/div><\/div><\/div><\/div><\/div><\/div><\/div><\/div><\/div><\/div><\/div>","protected":false},"excerpt":{"rendered":"Contact N'h\u00e9sitez pas \u00e0 nous contacter au moyen de ce formulaire ou \u00e0 cette adresse: contact@dominiquedorla.re Nous r\u00e9pondrons \u00e0 votre message dans les meilleurs d\u00e9lais. facebook instagram tiktok linkedin Nom Email Objet Message Envoyer &#916;","protected":false},"author":1,"featured_media":0,"parent":0,"menu_order":0,"comment_status":"closed","ping_status":"closed","template":"full-width.php","meta":{"footnotes":""},"class_list":["post-1305","page","type-page","status-publish","hentry"],"yoast_head":"<!-- This site is optimized with the Yoast SEO plugin v27.4 - https:\/\/yoast.com\/product\/yoast-seo-wordpress\/ -->\n<title>Contact - Dominique DORLA<\/title>\n<meta name=\"robots\" content=\"index, follow, max-snippet:-1, max-image-preview:large, max-video-preview:-1\" \/>\n<link rel=\"canonical\" href=\"https:\/\/dominiquedorla.re\/en\/contact\/\" \/>\n<meta property=\"og:locale\" content=\"en_US\" \/>\n<meta property=\"og:type\" content=\"article\" \/>\n<meta property=\"og:title\" content=\"Contact - Dominique DORLA\" \/>\n<meta property=\"og:url\" content=\"https:\/\/dominiquedorla.re\/en\/contact\/\" \/>\n<meta property=\"og:site_name\" content=\"Dominique DORLA\" \/>\n<meta property=\"article:modified_time\" content=\"2022-02-06T16:11:00+00:00\" \/>\n<meta name=\"twitter:card\" content=\"summary_large_image\" \/>\n<meta name=\"twitter:label1\" content=\"Est. reading time\" \/>\n\t<meta name=\"twitter:data1\" content=\"1 minute\" \/>\n<script type=\"application\/ld+json\" class=\"yoast-schema-graph\">{\"@context\":\"https:\\\/\\\/schema.org\",\"@graph\":[{\"@type\":\"WebPage\",\"@id\":\"https:\\\/\\\/dominiquedorla.re\\\/contact\\\/\",\"url\":\"https:\\\/\\\/dominiquedorla.re\\\/contact\\\/\",\"name\":\"Contact - Dominique DORLA\",\"isPartOf\":{\"@id\":\"https:\\\/\\\/dominiquedorla.re\\\/#website\"},\"datePublished\":\"2018-10-15T08:09:42+00:00\",\"dateModified\":\"2022-02-06T16:11:00+00:00\",\"breadcrumb\":{\"@id\":\"https:\\\/\\\/dominiquedorla.re\\\/contact\\\/#breadcrumb\"},\"inLanguage\":\"en-US\",\"potentialAction\":[{\"@type\":\"ReadAction\",\"target\":[\"https:\\\/\\\/dominiquedorla.re\\\/contact\\\/\"]}]},{\"@type\":\"BreadcrumbList\",\"@id\":\"https:\\\/\\\/dominiquedorla.re\\\/contact\\\/#breadcrumb\",\"itemListElement\":[{\"@type\":\"ListItem\",\"position\":1,\"name\":\"Accueil\",\"item\":\"https:\\\/\\\/dominiquedorla.re\\\/\"},{\"@type\":\"ListItem\",\"position\":2,\"name\":\"Contact\"}]},{\"@type\":\"WebSite\",\"@id\":\"https:\\\/\\\/dominiquedorla.re\\\/#website\",\"url\":\"https:\\\/\\\/dominiquedorla.re\\\/\",\"name\":\"Dominique DORLA\",\"description\":\"Peintre, sculptrice bas\u00e9e \u00e0 la R\u00e9union\",\"publisher\":{\"@id\":\"https:\\\/\\\/dominiquedorla.re\\\/#organization\"},\"potentialAction\":[{\"@type\":\"SearchAction\",\"target\":{\"@type\":\"EntryPoint\",\"urlTemplate\":\"https:\\\/\\\/dominiquedorla.re\\\/?s={search_term_string}\"},\"query-input\":{\"@type\":\"PropertyValueSpecification\",\"valueRequired\":true,\"valueName\":\"search_term_string\"}}],\"inLanguage\":\"en-US\"},{\"@type\":\"Organization\",\"@id\":\"https:\\\/\\\/dominiquedorla.re\\\/#organization\",\"name\":\"Dominique DORLA - Artiste\",\"url\":\"https:\\\/\\\/dominiquedorla.re\\\/\",\"logo\":{\"@type\":\"ImageObject\",\"inLanguage\":\"en-US\",\"@id\":\"https:\\\/\\\/dominiquedorla.re\\\/#\\\/schema\\\/logo\\\/image\\\/\",\"url\":\"https:\\\/\\\/dominiquedorla.re\\\/wp-content\\\/uploads\\\/2021\\\/12\\\/logo.jpg\",\"contentUrl\":\"https:\\\/\\\/dominiquedorla.re\\\/wp-content\\\/uploads\\\/2021\\\/12\\\/logo.jpg\",\"width\":317,\"height\":148,\"caption\":\"Dominique DORLA - Artiste\"},\"image\":{\"@id\":\"https:\\\/\\\/dominiquedorla.re\\\/#\\\/schema\\\/logo\\\/image\\\/\"}}]}<\/script>\n<!-- \/ Yoast SEO plugin. -->","yoast_head_json":{"title":"Contact - Dominique DORLA","robots":{"index":"index","follow":"follow","max-snippet":"max-snippet:-1","max-image-preview":"max-image-preview:large","max-video-preview":"max-video-preview:-1"},"canonical":"https:\/\/dominiquedorla.re\/en\/contact\/","og_locale":"en_US","og_type":"article","og_title":"Contact - Dominique DORLA","og_url":"https:\/\/dominiquedorla.re\/en\/contact\/","og_site_name":"Dominique DORLA","article_modified_time":"2022-02-06T16:11:00+00:00","twitter_card":"summary_large_image","twitter_misc":{"Est. reading time":"1 minute"},"schema":{"@context":"https:\/\/schema.org","@graph":[{"@type":"WebPage","@id":"https:\/\/dominiquedorla.re\/contact\/","url":"https:\/\/dominiquedorla.re\/contact\/","name":"Contact - Dominique DORLA","isPartOf":{"@id":"https:\/\/dominiquedorla.re\/#website"},"datePublished":"2018-10-15T08:09:42+00:00","dateModified":"2022-02-06T16:11:00+00:00","breadcrumb":{"@id":"https:\/\/dominiquedorla.re\/contact\/#breadcrumb"},"inLanguage":"en-US","potentialAction":[{"@type":"ReadAction","target":["https:\/\/dominiquedorla.re\/contact\/"]}]},{"@type":"BreadcrumbList","@id":"https:\/\/dominiquedorla.re\/contact\/#breadcrumb","itemListElement":[{"@type":"ListItem","position":1,"name":"Accueil","item":"https:\/\/dominiquedorla.re\/"},{"@type":"ListItem","position":2,"name":"Contact"}]},{"@type":"WebSite","@id":"https:\/\/dominiquedorla.re\/#website","url":"https:\/\/dominiquedorla.re\/","name":"Dominique DORLA","description":"Peintre, sculptrice bas\u00e9e \u00e0 la R\u00e9union","publisher":{"@id":"https:\/\/dominiquedorla.re\/#organization"},"potentialAction":[{"@type":"SearchAction","target":{"@type":"EntryPoint","urlTemplate":"https:\/\/dominiquedorla.re\/?s={search_term_string}"},"query-input":{"@type":"PropertyValueSpecification","valueRequired":true,"valueName":"search_term_string"}}],"inLanguage":"en-US"},{"@type":"Organization","@id":"https:\/\/dominiquedorla.re\/#organization","name":"Dominique DORLA - Artiste","url":"https:\/\/dominiquedorla.re\/","logo":{"@type":"ImageObject","inLanguage":"en-US","@id":"https:\/\/dominiquedorla.re\/#\/schema\/logo\/image\/","url":"https:\/\/dominiquedorla.re\/wp-content\/uploads\/2021\/12\/logo.jpg","contentUrl":"https:\/\/dominiquedorla.re\/wp-content\/uploads\/2021\/12\/logo.jpg","width":317,"height":148,"caption":"Dominique DORLA - Artiste"},"image":{"@id":"https:\/\/dominiquedorla.re\/#\/schema\/logo\/image\/"}}]}},"_links":{"self":[{"href":"https:\/\/dominiquedorla.re\/en\/wp-json\/wp\/v2\/pages\/1305","targetHints":{"allow":["GET"]}}],"collection":[{"href":"https:\/\/dominiquedorla.re\/en\/wp-json\/wp\/v2\/pages"}],"about":[{"href":"https:\/\/dominiquedorla.re\/en\/wp-json\/wp\/v2\/types\/page"}],"author":[{"embeddable":true,"href":"https:\/\/dominiquedorla.re\/en\/wp-json\/wp\/v2\/users\/1"}],"replies":[{"embeddable":true,"href":"https:\/\/dominiquedorla.re\/en\/wp-json\/wp\/v2\/comments?post=1305"}],"version-history":[{"count":23,"href":"https:\/\/dominiquedorla.re\/en\/wp-json\/wp\/v2\/pages\/1305\/revisions"}],"predecessor-version":[{"id":5621,"href":"https:\/\/dominiquedorla.re\/en\/wp-json\/wp\/v2\/pages\/1305\/revisions\/5621"}],"wp:attachment":[{"href":"https:\/\/dominiquedorla.re\/en\/wp-json\/wp\/v2\/media?parent=1305"}],"curies":[{"name":"wp","href":"https:\/\/api.w.org\/{rel}","templated":true}]}}